{"id":94,"date":"2023-12-24T02:14:37","date_gmt":"2023-12-23T23:14:37","guid":{"rendered":"https:\/\/www.pekgozmantar.com\/?page_id=94"},"modified":"2023-12-24T02:14:42","modified_gmt":"2023-12-23T23:14:42","slug":"iletisim","status":"publish","type":"page","link":"https:\/\/www.pekgozmantar.com\/?page_id=94","title":{"rendered":"\u0130leti\u015fim"},"content":{"rendered":"\n  \n    <section class=\"u-clearfix u-grey-5 u-hidden-lg u-hidden-md u-hidden-sm u-section-1\" id=\"sec-3d29\">\n      <div class=\"u-clearfix u-sheet u-sheet-1\">\n        <div class=\"data-layout-selected u-clearfix u-expanded-width u-gutter-0 u-layout-wrap u-layout-wrap-1\">\n          <div class=\"u-layout\">\n            <div class=\"u-layout-row\">\n              <div class=\"u-align-left u-container-align-center-xl u-container-style u-layout-cell u-shape-rectangle u-size-30 u-white u-layout-cell-1\">\n                <div class=\"u-container-layout u-container-layout-1\">\n                  <img decoding=\"async\" class=\"custom-expanded u-absolute-hcenter-lg u-absolute-hcenter-md u-absolute-hcenter-sm u-absolute-hcenter-xl u-expanded-height-lg u-expanded-height-md u-expanded-height-sm u-expanded-height-xl u-image u-image-default u-image-1\" src=\"https:\/\/www.pekgozmantar.com\/wp-content\/uploads\/2023\/12\/backofis-tum-hizmetler.jpg\" alt=\"\" data-image-width=\"240\" data-image-height=\"415\">\n                <\/div>\n              <\/div>\n              <div class=\"u-align-center u-container-style u-layout-cell u-right-cell u-size-30 u-layout-cell-2\">\n                <div class=\"u-container-layout u-container-layout-2\">\n                  <a href=\"https:\/\/nicepage.com\/k\/home-improvement-website-templates\" class=\"u-active-none u-btn u-btn-rectangle u-button-style u-hover-none u-none u-btn-1\"><span class=\"u-icon\"><svg class=\"u-svg-content\" viewBox=\"0 0 405.333 405.333\" x=\"0px\" y=\"0px\" style=\"width: 1em; height: 1em;\"><path d=\"M373.333,266.88c-25.003,0-49.493-3.904-72.704-11.563c-11.328-3.904-24.192-0.896-31.637,6.699l-46.016,34.752    c-52.8-28.181-86.592-61.952-114.389-114.368l33.813-44.928c8.512-8.512,11.563-20.971,7.915-32.64    C142.592,81.472,138.667,56.96,138.667,32c0-17.643-14.357-32-32-32H32C14.357,0,0,14.357,0,32    c0,205.845,167.488,373.333,373.333,373.333c17.643,0,32-14.357,32-32V298.88C405.333,281.237,390.976,266.88,373.333,266.88z\"><\/path><\/svg><\/span>&nbsp;541 868 84 96\n                  <\/a>\n                  <a href=\"tel:541 868 84 96\" class=\"u-active-none u-btn u-btn-rectangle u-button-style u-hover-none u-none u-btn-2\"><span class=\"u-file-icon u-icon\"><img decoding=\"async\" src=\"https:\/\/www.pekgozmantar.com\/wp-content\/uploads\/2023\/12\/25694.png\" alt=\"\"><\/span>Ka\u015f\u0131nhan\u0131 Mah No-3<br>Meram \/ Konya\n                  <\/a>\n                <\/div>\n              <\/div>\n            <\/div>\n          <\/div>\n        <\/div>\n      <\/div>\n    <\/section>\n    \n    \n    \n    \n  \n","protected":false},"excerpt":{"rendered":"<p>&nbsp;541 868 84 96 Ka\u015f\u0131nhan\u0131 Mah No-3Meram \/ Konya<\/p>\n","protected":false},"author":1,"featured_media":0,"parent":0,"menu_order":1,"comment_status":"closed","ping_status":"closed","template":"","meta":{"footnotes":""},"class_list":["post-94","page","type-page","status-publish","hentry"],"_links":{"self":[{"href":"https:\/\/www.pekgozmantar.com\/index.php?rest_route=\/wp\/v2\/pages\/94","targetHints":{"allow":["GET"]}}],"collection":[{"href":"https:\/\/www.pekgozmantar.com\/index.php?rest_route=\/wp\/v2\/pages"}],"about":[{"href":"https:\/\/www.pekgozmantar.com\/index.php?rest_route=\/wp\/v2\/types\/page"}],"author":[{"embeddable":true,"href":"https:\/\/www.pekgozmantar.com\/index.php?rest_route=\/wp\/v2\/users\/1"}],"replies":[{"embeddable":true,"href":"https:\/\/www.pekgozmantar.com\/index.php?rest_route=%2Fwp%2Fv2%2Fcomments&post=94"}],"version-history":[{"count":1,"href":"https:\/\/www.pekgozmantar.com\/index.php?rest_route=\/wp\/v2\/pages\/94\/revisions"}],"predecessor-version":[{"id":105,"href":"https:\/\/www.pekgozmantar.com\/index.php?rest_route=\/wp\/v2\/pages\/94\/revisions\/105"}],"wp:attachment":[{"href":"https:\/\/www.pekgozmantar.com\/index.php?rest_route=%2Fwp%2Fv2%2Fmedia&parent=94"}],"curies":[{"name":"wp","href":"https:\/\/api.w.org\/{rel}","templated":true}]}}