{"id":96,"date":"2023-12-24T02:14:39","date_gmt":"2023-12-23T23:14:39","guid":{"rendered":"https:\/\/www.pekgozmantar.com\/?page_id=96"},"modified":"2023-12-24T10:56:19","modified_gmt":"2023-12-24T07:56:19","slug":"uretim-hanemiz","status":"publish","type":"page","link":"https:\/\/www.pekgozmantar.com\/?page_id=96","title":{"rendered":"\u00dcretim Hanemiz"},"content":{"rendered":"\n    \n    <section class=\"u-align-center u-clearfix u-palette-4-light-2 u-section-2\" id=\"carousel_9545\">\n      <div class=\"u-clearfix u-sheet u-sheet-1\">\n        <h2 class=\"u-text u-text-1\">\u00dcretim Hanemiz<\/h2>\n        <p class=\"u-text u-text-2\"> Pekg\u00f6z Mantar 3000 m2 kapal\u0131 alan\u0131 4000 m2 a\u00e7\u0131k alana kurulan \u00fcretim hanemiz Avrupa Standartlar\u0131nda kurulmu\u015ftur<\/p>\n        <div class=\"u-expanded-width u-video u-video-1\">\n          <div class=\"embed-responsive embed-responsive-1\">\n            <iframe style=\"position: absolute;top: 0;left: 0;width: 100%;height: 100%;\" class=\"embed-responsive-item\" src=\"https:\/\/www.youtube.com\/embed\/HKQHU_1GyJg?playlist=HKQHU_1GyJg&amp;loop=1&amp;mute=1&amp;showinfo=1&amp;controls=1&amp;start=0&amp;autoplay=1\" data-autoplay=\"1\" frameborder=\"0\" allowfullscreen=\"\"><\/iframe>\n          <\/div>\n        <\/div>\n      <\/div>\n    <\/section>\n    \n    \n    \n  \n","protected":false},"excerpt":{"rendered":"<p>\u00dcretim Hanemiz Pekg\u00f6z Mantar 3000 m2 kapal\u0131 alan\u0131 4000 m2 a\u00e7\u0131k alana kurulan \u00fcretim hanemiz Avrupa Standartlar\u0131nda kurulmu\u015ftur<\/p>\n","protected":false},"author":1,"featured_media":0,"parent":0,"menu_order":3,"comment_status":"closed","ping_status":"closed","template":"","meta":{"footnotes":""},"class_list":["post-96","page","type-page","status-publish","hentry"],"_links":{"self":[{"href":"https:\/\/www.pekgozmantar.com\/index.php?rest_route=\/wp\/v2\/pages\/96","targetHints":{"allow":["GET"]}}],"collection":[{"href":"https:\/\/www.pekgozmantar.com\/index.php?rest_route=\/wp\/v2\/pages"}],"about":[{"href":"https:\/\/www.pekgozmantar.com\/index.php?rest_route=\/wp\/v2\/types\/page"}],"author":[{"embeddable":true,"href":"https:\/\/www.pekgozmantar.com\/index.php?rest_route=\/wp\/v2\/users\/1"}],"replies":[{"embeddable":true,"href":"https:\/\/www.pekgozmantar.com\/index.php?rest_route=%2Fwp%2Fv2%2Fcomments&post=96"}],"version-history":[{"count":2,"href":"https:\/\/www.pekgozmantar.com\/index.php?rest_route=\/wp\/v2\/pages\/96\/revisions"}],"predecessor-version":[{"id":126,"href":"https:\/\/www.pekgozmantar.com\/index.php?rest_route=\/wp\/v2\/pages\/96\/revisions\/126"}],"wp:attachment":[{"href":"https:\/\/www.pekgozmantar.com\/index.php?rest_route=%2Fwp%2Fv2%2Fmedia&parent=96"}],"curies":[{"name":"wp","href":"https:\/\/api.w.org\/{rel}","templated":true}]}}